{"id":17,"date":"2026-03-28T14:05:00","date_gmt":"2026-03-28T14:05:00","guid":{"rendered":"https:\/\/saxofonist.dk\/index.php\/front_page\/"},"modified":"2026-03-28T14:47:43","modified_gmt":"2026-03-28T14:47:43","slug":"front_page","status":"publish","type":"page","link":"https:\/\/saxofonist.dk\/","title":{"rendered":"Home"},"content":{"rendered":"\nSom saxofonist har jeg stor erfaring med at levere musik til mange forskellige arrangementer. B\u00e5de som solo saxofonist og med klaver.\n\nJeg har spillet saxofon solo til talrige brylluper og andre kirkearrangementer. F.eks. i disse kirker:  Odder.  Otterup. Odense Domkirke. Bregninge. Bjergsted.  Hans Tausens Kirke, Odense. Taulov Kirke.  Budolfi, \u00c5lborg. Sct. Nicolai, K\u00f8ge. Vor Frue, Svendborg. S\u00f8ller\u00f8d. Dragsholm Slotskirke. Svogerslev. Solr\u00f8d Strandkirke. Holmens Kirke, Kph. Frederiksholms Kirke, Sydhavnen.\n\nMed pianist, orkester eller solo har jeg tidligere spillet bl.a. her: \u00c5rhus Musikhus, TV2 Go\u00b4morgen Danmark, Langelandsfestival, Midtfyns Festival, Torvehallerne Vejle, Ringridderfest i S\u00f8nderborg, Hotel Koldingfjord. Hotel Christiansminde Svendborg. Odense Congress Center, S\u00f8ller\u00f8d kro, Plaza Hotel i Odense. Musikhuset Esbjerg, Hotel Arctic Gr\u00f8nland samt til talrige private fester og receptioner.\n\nSom musiker og komponist medvirker jeg bl.a. i  tv-programmet \u201det magisk \u00f8jeblik\u201d p\u00e5 DK4, Temaaften p\u00e5 DR2 og i DR radioprogrammerne: P2-Lyt til Nyt,  Kbh.-Radio Metropol, Radio-Fyn, Uland p\u00e5 P3, underl\u00e6gningsmusik til svensk tv.\n\n\n\n<p><\/p>\n","protected":false},"excerpt":{"rendered":"<p>Som saxofonist har jeg stor erfaring med at levere musik til mange forskellige arrangementer. B\u00e5de som solo saxofonist og med klaver. Jeg har spillet saxofon solo til talrige brylluper og andre kirkearrangementer. F.eks. i disse kirker: Odder. Otterup. Odense Domkirke. Bregninge. Bjergsted. Hans Tausens Kirke, Odense. Taulov Kirke. Budolfi, \u00c5lborg. Sct. Nicolai, K\u00f8ge. Vor Frue, [&hellip;]<\/p>\n","protected":false},"author":1,"featured_media":0,"parent":0,"menu_order":0,"comment_status":"closed","ping_status":"closed","template":"","meta":{"footnotes":""},"class_list":["post-17","page","type-page","status-publish","hentry"],"_links":{"self":[{"href":"https:\/\/saxofonist.dk\/index.php\/wp-json\/wp\/v2\/pages\/17","targetHints":{"allow":["GET"]}}],"collection":[{"href":"https:\/\/saxofonist.dk\/index.php\/wp-json\/wp\/v2\/pages"}],"about":[{"href":"https:\/\/saxofonist.dk\/index.php\/wp-json\/wp\/v2\/types\/page"}],"author":[{"embeddable":true,"href":"https:\/\/saxofonist.dk\/index.php\/wp-json\/wp\/v2\/users\/1"}],"replies":[{"embeddable":true,"href":"https:\/\/saxofonist.dk\/index.php\/wp-json\/wp\/v2\/comments?post=17"}],"version-history":[{"count":1,"href":"https:\/\/saxofonist.dk\/index.php\/wp-json\/wp\/v2\/pages\/17\/revisions"}],"predecessor-version":[{"id":79,"href":"https:\/\/saxofonist.dk\/index.php\/wp-json\/wp\/v2\/pages\/17\/revisions\/79"}],"wp:attachment":[{"href":"https:\/\/saxofonist.dk\/index.php\/wp-json\/wp\/v2\/media?parent=17"}],"curies":[{"name":"wp","href":"https:\/\/api.w.org\/{rel}","templated":true}]}}